{"id":13,"date":"2016-02-05T10:50:41","date_gmt":"2016-02-05T09:50:41","guid":{"rendered":"http:\/\/modex-textilpflege.de.w0143adb.kasserver.com\/?page_id=13"},"modified":"2016-05-25T17:59:56","modified_gmt":"2016-05-25T15:59:56","slug":"waescherei","status":"publish","type":"page","link":"https:\/\/modex-textilpflege.de\/index.php\/waescherei\/","title":{"rendered":"W\u00e4scherei"},"content":{"rendered":"<p>[vc_row row_type=&#8220;row&#8220; type=&#8220;full_width&#8220; text_align=&#8220;left&#8220; video=&#8220;&#8220; css_animation=&#8220;&#8220;][vc_column][vc_single_image image=&#8220;311&#8243; img_size=&#8220;full&#8220; qode_css_animation=&#8220;&#8220;][\/vc_column][\/vc_row][vc_row row_type=&#8220;row&#8220; type=&#8220;full_width&#8220; text_align=&#8220;left&#8220; video=&#8220;&#8220; css_animation=&#8220;&#8220;][vc_column][vc_empty_space][\/vc_column][\/vc_row][vc_row row_type=&#8220;row&#8220; type=&#8220;full_width&#8220; text_align=&#8220;left&#8220; video=&#8220;&#8220; css_animation=&#8220;&#8220;][vc_column width=&#8220;1\/2&#8243;][vc_column_text]<\/p>\n<h2>W\u00c4SCHEREI<\/h2>\n<p>[\/vc_column_text]<blockquote class='with_quote_icon' style=''><span class='icon_quotations_holder'><i class='q_font_elegant_icon icon_quotations' style='font-size: 75px'><\/i><\/span><h5 class='blockquote_text' style=''><span>TECHNIK TRIFFT HERZBLUT<br \/>\n- EINE SYMBIOSE MIT NACHHALTIGKEIT.<\/span><\/h5><\/blockquote>[\/vc_column][vc_column width=&#8220;1\/2&#8243;][vc_column_text]<\/p>\n<ul>\n<li><strong>Privat \u2013 und Firmenkunden<\/strong><\/li>\n<li><strong>Bett- und Frotteew\u00e4sche<\/strong><br \/>\nKissen- und Bettbez\u00fcge, Bettlaken, Mangelw\u00e4sche, U-W\u00e4sche,<br \/>\nHand-, Dusch-, Sauna- und Massaget\u00fccher, Badevorleger, Badem\u00e4ntel<\/li>\n<li><strong>Tischw\u00e4sche<\/strong><br \/>\nTischdecken, Mund- und Deckservietten, Moltons, Hussen<\/li>\n<li><strong>Berufsbekleidung<\/strong><br \/>\n\u00c4rzte (Kittel, Kasak, Hosen, T-Shirts)<br \/>\nGastronomie (Kochhosen, Kochjacken, Sch\u00fcrzen)<br \/>\nIndustrie (Latz- Arbeitshosen, Overalls, Arbeitsjacken)<br \/>\nFeuerwehr- und Arbeitsschutzbekleidung<\/li>\n<\/ul>\n<p>[\/vc_column_text][\/vc_column][\/vc_row][vc_row row_type=&#8220;row&#8220; type=&#8220;full_width&#8220; text_align=&#8220;left&#8220; video=&#8220;&#8220; css_animation=&#8220;&#8220;][vc_column][vc_empty_space][\/vc_column][\/vc_row][vc_row row_type=&#8220;row&#8220; type=&#8220;full_width&#8220; text_align=&#8220;left&#8220; video=&#8220;&#8220; css_animation=&#8220;&#8220;][vc_column][\/vc_column][\/vc_row]<\/p>\n","protected":false},"excerpt":{"rendered":"<p>[vc_row row_type=&#8220;row&#8220; type=&#8220;full_width&#8220; text_align=&#8220;left&#8220; video=&#8220;&#8220; css_animation=&#8220;&#8220;][vc_column][vc_single_image image=&#8220;311&#8243; img_size=&#8220;full&#8220; qode_css_animation=&#8220;&#8220;][\/vc_column][\/vc_row][vc_row row_type=&#8220;row&#8220; type=&#8220;full_width&#8220; text_align=&#8220;left&#8220; video=&#8220;&#8220; css_animation=&#8220;&#8220;][vc_column][vc_empty_space][\/vc_column][\/vc_row][vc_row row_type=&#8220;row&#8220; type=&#8220;full_width&#8220; text_align=&#8220;left&#8220; video=&#8220;&#8220; css_animation=&#8220;&#8220;][vc_column width=&#8220;1\/2&#8243;][vc_column_text] W\u00c4SCHEREI [\/vc_column_text][\/vc_column][vc_column width=&#8220;1\/2&#8243;][vc_column_text] Privat \u2013 und Firmenkunden Bett- und Frotteew\u00e4sche Kissen- und Bettbez\u00fcge, Bettlaken, Mangelw\u00e4sche, U-W\u00e4sche, Hand-, Dusch-, Sauna- und Massaget\u00fccher, Badevorleger, Badem\u00e4ntel Tischw\u00e4sche Tischdecken,&#8230;<\/p>\n","protected":false},"author":1,"featured_media":0,"parent":0,"menu_order":0,"comment_status":"closed","ping_status":"closed","template":"","meta":[],"_links":{"self":[{"href":"https:\/\/modex-textilpflege.de\/index.php\/wp-json\/wp\/v2\/pages\/13"}],"collection":[{"href":"https:\/\/modex-textilpflege.de\/index.php\/wp-json\/wp\/v2\/pages"}],"about":[{"href":"https:\/\/modex-textilpflege.de\/index.php\/wp-json\/wp\/v2\/types\/page"}],"author":[{"embeddable":true,"href":"https:\/\/modex-textilpflege.de\/index.php\/wp-json\/wp\/v2\/users\/1"}],"replies":[{"embeddable":true,"href":"https:\/\/modex-textilpflege.de\/index.php\/wp-json\/wp\/v2\/comments?post=13"}],"version-history":[{"count":23,"href":"https:\/\/modex-textilpflege.de\/index.php\/wp-json\/wp\/v2\/pages\/13\/revisions"}],"predecessor-version":[{"id":312,"href":"https:\/\/modex-textilpflege.de\/index.php\/wp-json\/wp\/v2\/pages\/13\/revisions\/312"}],"wp:attachment":[{"href":"https:\/\/modex-textilpflege.de\/index.php\/wp-json\/wp\/v2\/media?parent=13"}],"curies":[{"name":"wp","href":"https:\/\/api.w.org\/{rel}","templated":true}]}}